{"id":308,"date":"2023-11-06T12:17:20","date_gmt":"2023-11-06T11:17:20","guid":{"rendered":"https:\/\/conciergerie2a.com\/?page_id=308"},"modified":"2026-04-21T15:57:30","modified_gmt":"2026-04-21T13:57:30","slug":"faq-conciergerie-bella-storia","status":"publish","type":"page","link":"https:\/\/conciergerie2a.com\/en\/faq-conciergerie-bella-storia\/","title":{"rendered":"Faq conciergerie Bella Storia"},"content":{"rendered":"\t\t<div data-elementor-type=\"wp-page\" data-elementor-id=\"308\" class=\"elementor elementor-308\" data-elementor-post-type=\"page\">\n\t\t\t\t<div class=\"elementor-element elementor-element-9234bd8 e-flex e-con-boxed e-con e-parent\" data-id=\"9234bd8\" data-element_type=\"container\" data-e-type=\"container\" data-settings=\"{&quot;background_background&quot;:&quot;classic&quot;}\">\n\t\t\t\t\t<div class=\"e-con-inner\">\n\t\t\t\t<div class=\"elementor-element elementor-element-5e066417 elementor-invisible elementor-widget elementor-widget-heading\" data-id=\"5e066417\" data-element_type=\"widget\" data-e-type=\"widget\" data-settings=\"{&quot;_animation&quot;:&quot;fadeInUp&quot;}\" data-widget_type=\"heading.default\">\n\t\t\t\t<div class=\"elementor-widget-container\">\n\t\t\t\t\t<h1 class=\"elementor-heading-title elementor-size-default\">FAQ conciergerie Bella storia<\/h1>\t\t\t\t<\/div>\n\t\t\t\t<\/div>\n\t\t\t\t\t<\/div>\n\t\t\t\t<\/div>\n\t\t<div class=\"elementor-element elementor-element-95129f1 e-flex e-con-boxed e-con e-parent\" data-id=\"95129f1\" data-element_type=\"container\" data-e-type=\"container\" data-settings=\"{&quot;background_background&quot;:&quot;classic&quot;}\">\n\t\t\t\t\t<div class=\"e-con-inner\">\n\t\t<div class=\"elementor-element elementor-element-65e291be e-con-full e-flex e-con e-child\" data-id=\"65e291be\" data-element_type=\"container\" data-e-type=\"container\">\n\t\t\t\t<div class=\"elementor-element elementor-element-7c87d48c elementor-widget__width-initial elementor-widget-tablet__width-inherit elementor-widget elementor-widget-toggle\" data-id=\"7c87d48c\" data-element_type=\"widget\" data-e-type=\"widget\" data-widget_type=\"toggle.default\">\n\t\t\t\t<div class=\"elementor-widget-container\">\n\t\t\t\t\t\t\t<div class=\"elementor-toggle\">\n\t\t\t\t\t\t\t<div class=\"elementor-toggle-item\">\n\t\t\t\t\t<h2 id=\"elementor-tab-title-2081\" class=\"elementor-tab-title\" data-tab=\"1\" role=\"button\" aria-controls=\"elementor-tab-content-2081\" aria-expanded=\"false\">\n\t\t\t\t\t\t\t\t\t\t\t\t<a class=\"elementor-toggle-title\" tabindex=\"0\">Qu'est qu\u2019une conciergerie :<\/a>\n\t\t\t\t\t<\/h2>\n\n\t\t\t\t\t<div id=\"elementor-tab-content-2081\" class=\"elementor-tab-content elementor-clearfix\" data-tab=\"1\" role=\"region\" aria-labelledby=\"elementor-tab-title-2081\"><p style=\"text-align: left;\">Une conciergerie est une soci\u00e9t\u00e9 qui propose diff\u00e9rentes prestations de services destin\u00e9es aux professionnels (location courte dur\u00e9e de vos biens, gestion du linge et du nettoyage, gestion d\u2019intendance \u2026) ainsi qu\u2019aux particuliers (recherche et r\u00e9servations de logements parmis notre s\u00e9lection, r\u00e9servations de vos activit\u00e9s etc..)<\/p><\/div>\n\t\t\t\t<\/div>\n\t\t\t\t\t\t\t<div class=\"elementor-toggle-item\">\n\t\t\t\t\t<h2 id=\"elementor-tab-title-2082\" class=\"elementor-tab-title\" data-tab=\"2\" role=\"button\" aria-controls=\"elementor-tab-content-2082\" aria-expanded=\"false\">\n\t\t\t\t\t\t\t\t\t\t\t\t<a class=\"elementor-toggle-title\" tabindex=\"0\">Comment r\u00e9server nos prestations :<\/a>\n\t\t\t\t\t<\/h2>\n\n\t\t\t\t\t<div id=\"elementor-tab-content-2082\" class=\"elementor-tab-content elementor-clearfix\" data-tab=\"2\" role=\"region\" aria-labelledby=\"elementor-tab-title-2082\"><p>Il suffit de nous contacter via le formulaire \u201ccontact\u201d, nous analyserons votre demande et vous proposerons une solution adapt\u00e9e pour votre besoin.<\/p><\/div>\n\t\t\t\t<\/div>\n\t\t\t\t\t\t\t<div class=\"elementor-toggle-item\">\n\t\t\t\t\t<h2 id=\"elementor-tab-title-2083\" class=\"elementor-tab-title\" data-tab=\"3\" role=\"button\" aria-controls=\"elementor-tab-content-2083\" aria-expanded=\"false\">\n\t\t\t\t\t\t\t\t\t\t\t\t<a class=\"elementor-toggle-title\" tabindex=\"0\">A qui s\u2019adresse la conciergerie Bella Storia:<\/a>\n\t\t\t\t\t<\/h2>\n\n\t\t\t\t\t<div id=\"elementor-tab-content-2083\" class=\"elementor-tab-content elementor-clearfix\" data-tab=\"3\" role=\"region\" aria-labelledby=\"elementor-tab-title-2083\"><p>La conciergerie s\u2019adresse aux professionnels investisseurs dans l\u2019immobilier, mais aussi aux particuliers souhaitant r\u00e9server un logement de vacances ou r\u00e9server une activit\u00e9.<\/p><\/div>\n\t\t\t\t<\/div>\n\t\t\t\t\t\t\t<div class=\"elementor-toggle-item\">\n\t\t\t\t\t<h2 id=\"elementor-tab-title-2084\" class=\"elementor-tab-title\" data-tab=\"4\" role=\"button\" aria-controls=\"elementor-tab-content-2084\" aria-expanded=\"false\">\n\t\t\t\t\t\t\t\t\t\t\t\t<a class=\"elementor-toggle-title\" tabindex=\"0\">Comment devenir propri\u00e9taire:<\/a>\n\t\t\t\t\t<\/h2>\n\n\t\t\t\t\t<div id=\"elementor-tab-content-2084\" class=\"elementor-tab-content elementor-clearfix\" data-tab=\"4\" role=\"region\" aria-labelledby=\"elementor-tab-title-2084\"><p>Afin que nous puissions analyser au mieux votre demande, nous vous conseillons de remplir de fa\u00e7on pr\u00e9cise le formulaire de contact ou bien de nous contacter directement par t\u00e9l\u00e9phone pour avoir un devis pr\u00e9cis.<\/p><\/div>\n\t\t\t\t<\/div>\n\t\t\t\t\t\t\t<div class=\"elementor-toggle-item\">\n\t\t\t\t\t<h2 id=\"elementor-tab-title-2085\" class=\"elementor-tab-title\" data-tab=\"5\" role=\"button\" aria-controls=\"elementor-tab-content-2085\" aria-expanded=\"false\">\n\t\t\t\t\t\t\t\t\t\t\t\t<a class=\"elementor-toggle-title\" tabindex=\"0\">En tant que propri\u00e9taire dois-je fournir le linge ?<\/a>\n\t\t\t\t\t<\/h2>\n\n\t\t\t\t\t<div id=\"elementor-tab-content-2085\" class=\"elementor-tab-content elementor-clearfix\" data-tab=\"5\" role=\"region\" aria-labelledby=\"elementor-tab-title-2085\"><p>Nous collaborons avec une blanchisserie dans la r\u00e9gion, nous fournissons le linge \u00e0 vos voyageurs et celui-ci leur ai re factur\u00e9 via les plateformes de r\u00e9servations en fonction du nombre de personnes.<\/p><\/div>\n\t\t\t\t<\/div>\n\t\t\t\t\t\t\t\t<\/div>\n\t\t\t\t\t\t<\/div>\n\t\t\t\t<\/div>\n\t\t\t\t<div class=\"elementor-element elementor-element-32e8e6de elementor-widget__width-initial elementor-widget-tablet__width-inherit elementor-widget elementor-widget-toggle\" data-id=\"32e8e6de\" data-element_type=\"widget\" data-e-type=\"widget\" data-widget_type=\"toggle.default\">\n\t\t\t\t<div class=\"elementor-widget-container\">\n\t\t\t\t\t\t\t<div class=\"elementor-toggle\">\n\t\t\t\t\t\t\t<div class=\"elementor-toggle-item\">\n\t\t\t\t\t<h2 id=\"elementor-tab-title-8541\" class=\"elementor-tab-title\" data-tab=\"1\" role=\"button\" aria-controls=\"elementor-tab-content-8541\" aria-expanded=\"false\">\n\t\t\t\t\t\t\t\t\t\t\t\t<a class=\"elementor-toggle-title\" tabindex=\"0\">Est-il possible de r\u00e9server vos services en ligne ?<\/a>\n\t\t\t\t\t<\/h2>\n\n\t\t\t\t\t<div id=\"elementor-tab-content-8541\" class=\"elementor-tab-content elementor-clearfix\" data-tab=\"1\" role=\"region\" aria-labelledby=\"elementor-tab-title-8541\"><p>Vous trouverez toutes les informations n\u00e9cessaires sur notre site concernant nos diff\u00e9rentes prestations, cependant nous vous invitons \u00e0 nous contacter pour faire appel \u00e0 nos services.<\/p><\/div>\n\t\t\t\t<\/div>\n\t\t\t\t\t\t\t<div class=\"elementor-toggle-item\">\n\t\t\t\t\t<h2 id=\"elementor-tab-title-8542\" class=\"elementor-tab-title\" data-tab=\"2\" role=\"button\" aria-controls=\"elementor-tab-content-8542\" aria-expanded=\"false\">\n\t\t\t\t\t\t\t\t\t\t\t\t<a class=\"elementor-toggle-title\" tabindex=\"0\">Dans quelle ville nos services sont-ils disponibles ?<\/a>\n\t\t\t\t\t<\/h2>\n\n\t\t\t\t\t<div id=\"elementor-tab-content-8542\" class=\"elementor-tab-content elementor-clearfix\" data-tab=\"2\" role=\"region\" aria-labelledby=\"elementor-tab-title-8542\"><p>Nous sommes pr\u00e9sents uniquement dans la r\u00e9gion de Porto Vecchio et communes aux alentours.<\/p><\/div>\n\t\t\t\t<\/div>\n\t\t\t\t\t\t\t<div class=\"elementor-toggle-item\">\n\t\t\t\t\t<h2 id=\"elementor-tab-title-8543\" class=\"elementor-tab-title\" data-tab=\"3\" role=\"button\" aria-controls=\"elementor-tab-content-8543\" aria-expanded=\"false\">\n\t\t\t\t\t\t\t\t\t\t\t\t<a class=\"elementor-toggle-title\" tabindex=\"0\">Sur quelle plateforme de r\u00e9servations mon logement appara\u00eet- il ?<\/a>\n\t\t\t\t\t<\/h2>\n\n\t\t\t\t\t<div id=\"elementor-tab-content-8543\" class=\"elementor-tab-content elementor-clearfix\" data-tab=\"3\" role=\"region\" aria-labelledby=\"elementor-tab-title-8543\"><p>Afin de maximiser au mieux les r\u00e9servations, nous commercialisons vos logements via diff\u00e9rentes plateformes, notamment airbnb et abritel (possibilit\u00e9 via booking).<\/p><\/div>\n\t\t\t\t<\/div>\n\t\t\t\t\t\t\t<div class=\"elementor-toggle-item\">\n\t\t\t\t\t<h2 id=\"elementor-tab-title-8544\" class=\"elementor-tab-title\" data-tab=\"4\" role=\"button\" aria-controls=\"elementor-tab-content-8544\" aria-expanded=\"false\">\n\t\t\t\t\t\t\t\t\t\t\t\t<a class=\"elementor-toggle-title\" tabindex=\"0\">Quelle est la dur\u00e9e d\u2019un contrat de conciergerie ?<\/a>\n\t\t\t\t\t<\/h2>\n\n\t\t\t\t\t<div id=\"elementor-tab-content-8544\" class=\"elementor-tab-content elementor-clearfix\" data-tab=\"4\" role=\"region\" aria-labelledby=\"elementor-tab-title-8544\"><p>Le contrat de prestation est \u00e9tabli sur une dur\u00e9e d\u2019un an renouvelable reconductible.<\/p><\/div>\n\t\t\t\t<\/div>\n\t\t\t\t\t\t\t\t\t\t<script type=\"application\/ld+json\">{\"@context\":\"https:\\\/\\\/schema.org\",\"@type\":\"FAQPage\",\"mainEntity\":[{\"@type\":\"Question\",\"name\":\"Est-il possible de r\\u00e9server vos services en ligne ?\",\"acceptedAnswer\":{\"@type\":\"Answer\",\"text\":\"<p>Vous trouverez toutes les informations n\\u00e9cessaires sur notre site concernant nos diff\\u00e9rentes prestations, cependant nous vous invitons \\u00e0 nous contacter pour faire appel \\u00e0 nos services.<\\\/p>\"}},{\"@type\":\"Question\",\"name\":\"Dans quelle ville nos services sont-ils disponibles ?\",\"acceptedAnswer\":{\"@type\":\"Answer\",\"text\":\"<p>Nous sommes pr\\u00e9sents uniquement dans la r\\u00e9gion de Porto Vecchio et communes aux alentours.<\\\/p>\"}},{\"@type\":\"Question\",\"name\":\"Sur quelle plateforme de r\\u00e9servations mon logement appara\\u00eet- il ?\",\"acceptedAnswer\":{\"@type\":\"Answer\",\"text\":\"<p>Afin de maximiser au mieux les r\\u00e9servations, nous commercialisons vos logements via diff\\u00e9rentes plateformes, notamment airbnb et abritel (possibilit\\u00e9 via booking).<\\\/p>\"}},{\"@type\":\"Question\",\"name\":\"Quelle est la dur\\u00e9e d\\u2019un contrat de conciergerie ?\",\"acceptedAnswer\":{\"@type\":\"Answer\",\"text\":\"<p>Le contrat de prestation est \\u00e9tabli sur une dur\\u00e9e d\\u2019un an renouvelable reconductible.<\\\/p>\"}}]}<\/script>\n\t\t\t\t\t<\/div>\n\t\t\t\t\t\t<\/div>\n\t\t\t\t<\/div>\n\t\t\t\t<\/div>\n\t\t\t\t\t<\/div>\n\t\t\t\t<\/div>\n\t\t\t\t<\/div>\n\t\t","protected":false},"excerpt":{"rendered":"<p>FAQ conciergerie Bella storia Qu&rsquo;est qu\u2019une conciergerie : Une conciergerie est une soci\u00e9t\u00e9 qui propose diff\u00e9rentes prestations de services destin\u00e9es aux professionnels (location courte dur\u00e9e de vos biens, gestion du linge et du nettoyage, gestion d\u2019intendance \u2026) ainsi qu\u2019aux particuliers (recherche et r\u00e9servations de logements parmis notre s\u00e9lection, r\u00e9servations de vos activit\u00e9s etc..) Comment r\u00e9server [&hellip;]<\/p>\n","protected":false},"author":1,"featured_media":5299,"parent":0,"menu_order":0,"comment_status":"closed","ping_status":"closed","template":"","meta":{"footnotes":""},"class_list":["post-308","page","type-page","status-publish","has-post-thumbnail","hentry"],"blocksy_meta":[],"_links":{"self":[{"href":"https:\/\/conciergerie2a.com\/en\/wp-json\/wp\/v2\/pages\/308","targetHints":{"allow":["GET"]}}],"collection":[{"href":"https:\/\/conciergerie2a.com\/en\/wp-json\/wp\/v2\/pages"}],"about":[{"href":"https:\/\/conciergerie2a.com\/en\/wp-json\/wp\/v2\/types\/page"}],"author":[{"embeddable":true,"href":"https:\/\/conciergerie2a.com\/en\/wp-json\/wp\/v2\/users\/1"}],"replies":[{"embeddable":true,"href":"https:\/\/conciergerie2a.com\/en\/wp-json\/wp\/v2\/comments?post=308"}],"version-history":[{"count":3,"href":"https:\/\/conciergerie2a.com\/en\/wp-json\/wp\/v2\/pages\/308\/revisions"}],"predecessor-version":[{"id":6560,"href":"https:\/\/conciergerie2a.com\/en\/wp-json\/wp\/v2\/pages\/308\/revisions\/6560"}],"wp:featuredmedia":[{"embeddable":true,"href":"https:\/\/conciergerie2a.com\/en\/wp-json\/wp\/v2\/media\/5299"}],"wp:attachment":[{"href":"https:\/\/conciergerie2a.com\/en\/wp-json\/wp\/v2\/media?parent=308"}],"curies":[{"name":"wp","href":"https:\/\/api.w.org\/{rel}","templated":true}]}}