{"id":907,"date":"2023-11-18T23:40:59","date_gmt":"2023-11-18T22:40:59","guid":{"rendered":"https:\/\/conciergerie2a.com\/?page_id=907"},"modified":"2023-12-31T18:01:20","modified_gmt":"2023-12-31T17:01:20","slug":"cgu","status":"publish","type":"page","link":"https:\/\/conciergerie2a.com\/es\/cgu\/","title":{"rendered":"cgu"},"content":{"rendered":"<div data-elementor-type=\"wp-page\" data-elementor-id=\"907\" class=\"elementor elementor-907\" data-elementor-post-type=\"page\">\n\t\t\t\t<div class=\"elementor-element elementor-element-9d1fe88 e-flex e-con-boxed e-con e-parent\" data-id=\"9d1fe88\" data-element_type=\"container\" data-e-type=\"container\">\n\t\t\t\t\t<div class=\"e-con-inner\">\n\t\t\t\t<div class=\"elementor-element elementor-element-634bc14 elementor-widget elementor-widget-text-editor\" data-id=\"634bc14\" data-element_type=\"widget\" data-e-type=\"widget\" data-widget_type=\"text-editor.default\">\n\t\t\t\t<div class=\"elementor-widget-container\">\n\t\t\t\t\t\t\t\t\t<h3><b>Condiciones Generales de Uso (CGU) del sitio web Bella Storia<\/b><\/h3><h4><span style=\"font-weight: 400;\">1. Aceptaci\u00f3n de las Condiciones Generales de Uso<\/span><\/h4><p><span style=\"font-weight: 400;\">1.1. El uso del sitio web Bella Storia implica la aceptaci\u00f3n plena y completa de las presentes Condiciones Generales de Uso (en adelante, las \u00abCGU\u00bb).<\/span><\/p><p><span style=\"font-weight: 400;\">1.2 Las presentes Condiciones Generales podr\u00e1n ser modificadas o completadas en cualquier momento, por lo que se aconseja a los usuarios del sitio que las consulten peri\u00f3dicamente.<\/span><\/p><h4><span style=\"font-weight: 400;\">2. Acceso al sitio<\/span><\/h4><p><span style=\"font-weight: 400;\">2.1. El acceso al sitio es posible 24 horas al d\u00eda, 7 d\u00edas a la semana, excepto en casos de fuerza mayor o eventos fuera del control de Bella Storia y sujeto a cualquier aver\u00eda y operaciones de mantenimiento necesarias para el correcto funcionamiento del sitio.<\/span><\/p><p><span style=\"font-weight: 400;\">2.2. Bella Storia no puede garantizar la disponibilidad del sitio, la fiabilidad de las transmisiones o el rendimiento en t\u00e9rminos de tiempo de respuesta o calidad.<\/span><\/p><h4><span style=\"font-weight: 400;\">3. 3. Propiedad intelectual<\/span><\/h4><p><span style=\"font-weight: 400;\">3.1. Bella Storia es titular de los derechos de propiedad intelectual o tiene los derechos de uso sobre todos los elementos accesibles en el sitio, en particular los textos, im\u00e1genes, gr\u00e1ficos, logotipos, iconos, sonidos y software.<\/span><\/p><p><span style=\"font-weight: 400;\">3.2. Cualquier reproducci\u00f3n, representaci\u00f3n, modificaci\u00f3n, publicaci\u00f3n, adaptaci\u00f3n de la totalidad o parte de los elementos del sitio, cualesquiera que sean los medios o procedimientos utilizados, est\u00e1 prohibida, salvo autorizaci\u00f3n previa por escrito de Bella Storia.<\/span><\/p><h4><span style=\"font-weight: 400;\">4. Limitaciones de responsabilidad<\/span><\/h4><p><span style=\"font-weight: 400;\">4.1. Bella Storia no podr\u00e1 ser considerada responsable de los da\u00f1os directos o indirectos causados al equipo del usuario al acceder al sitio web de Bella Storia.<\/span><\/p><p><span style=\"font-weight: 400;\">4.2. Bella Storia declina toda responsabilidad por el uso que pueda hacerse de la informaci\u00f3n y los contenidos presentes en el sitio.<\/span><\/p><h4><span style=\"font-weight: 400;\">5. Gesti\u00f3n de datos personales<\/span><\/h4><p><span style=\"font-weight: 400;\">5.1. Al utilizar el sitio, es posible que se pida a los usuarios que faciliten determinados datos personales. El suministro de esta informaci\u00f3n es necesario para la gesti\u00f3n de las solicitudes y la comercializaci\u00f3n de los servicios.<\/span><\/p><p><span style=\"font-weight: 400;\">5.2. Bella Storia se compromete a preservar la confidencialidad de la informaci\u00f3n facilitada y a tratarla de acuerdo con la legislaci\u00f3n vigente en materia de protecci\u00f3n de datos personales.<\/span><\/p><h4><span style=\"font-weight: 400;\">6. Hiperv\u00ednculos y cookies<\/span><\/h4><p><span style=\"font-weight: 400;\">6.1. El sitio puede contener enlaces de hipertexto a otros sitios. Bella Storia no est\u00e1 en condiciones de comprobar el contenido de los sitios visitados de este modo y, en consecuencia, no asume ninguna responsabilidad al respecto.<\/span><\/p><p><span style=\"font-weight: 400;\">6.2. La navegaci\u00f3n por el sitio puede provocar la instalaci\u00f3n de cookies en el ordenador del usuario. Una cookie es un peque\u00f1o archivo que no permite identificar al usuario, pero que registra informaci\u00f3n relativa a la navegaci\u00f3n de un ordenador en un sitio.<\/span><\/p><h4><span style=\"font-weight: 400;\">7. Ley aplicable y jurisdicci\u00f3n<\/span><\/h4><p><span style=\"font-weight: 400;\">7.1. Cualquier litigio relativo a la utilizaci\u00f3n del sitio web Bella Storia est\u00e1 sometido a la legislaci\u00f3n francesa. Se concede jurisdicci\u00f3n exclusiva a los tribunales competentes de Francia.<\/span><\/p><p><span style=\"font-weight: 400;\">7.2. Las principales leyes en cuesti\u00f3n incluyen la Ley n.\u00ba 78-17, de 6 de enero de 1978, modificada en particular por la Ley n.\u00ba 2018-493, de 20 de junio de 2018, relativa a la protecci\u00f3n de datos personales.<\/span><\/p><h4><span style=\"font-weight: 400;\">8. Publicaciones del usuario<\/span><\/h4><p><span style=\"font-weight: 400;\">8.1. El sitio permite a los miembros publicar comentarios u otras contribuciones. En estas publicaciones, cada miembro sigue siendo responsable de sus palabras.<\/span><\/p><p><span style=\"font-weight: 400;\">8.2. Las contribuciones deben ser legales y respetar las buenas costumbres y el orden p\u00fablico. No deben ser ofensivas, difamatorias, racistas, hom\u00f3fobas, sexistas ni invadir la intimidad de terceros.<\/span><\/p><h4><span style=\"font-weight: 400;\">9. Seguridad<\/span><\/h4><p><span style=\"font-weight: 400;\">9.1. Bella Storia se compromete a aplicar todas las medidas necesarias para garantizar la seguridad y confidencialidad de los datos. Sin embargo, no proporciona una garant\u00eda de seguridad total.<\/span><\/p><p><span style=\"font-weight: 400;\">9.2. El usuario se compromete a respetar las normas de seguridad, en particular en lo que respecta a la gesti\u00f3n de sus datos de acceso y contrase\u00f1as.<\/span><\/p><h4><span style=\"font-weight: 400;\">10. Modificaci\u00f3n de la GCU<\/span><\/h4><p><span style=\"font-weight: 400;\">10.1. Bella Storia se reserva el derecho de modificar los t\u00e9rminos, condiciones y menciones de estas CGU en cualquier momento.<\/span><\/p><p><span style=\"font-weight: 400;\">10.2 Por lo tanto, se aconseja a los usuarios que consulten regularmente la \u00faltima versi\u00f3n de las CGC disponibles en el sitio.<\/span><\/p><h4><span style=\"font-weight: 400;\">11. Responsabilidad y fuerza mayor<\/span><\/h4><p><span style=\"font-weight: 400;\">11.1. Las fuentes de la informaci\u00f3n publicada en el sitio Bella Storia se consideran fiables. Sin embargo, el sitio no garantiza que est\u00e9 libre de defectos, errores u omisiones.<\/span><\/p><p><span style=\"font-weight: 400;\">11.2 En caso de imposibilidad de acceso al sitio debido a problemas t\u00e9cnicos o de cualquier otra \u00edndole, el usuario no tendr\u00e1 derecho a reclamar da\u00f1os ni indemnizaci\u00f3n alguna.<\/span><\/p><h4><span style=\"font-weight: 400;\">12. Interacci\u00f3n con los usuarios<\/span><\/h4><p><span style=\"font-weight: 400;\">12.1. Bella Storia podr\u00e1 interactuar con los usuarios para responder a sus preguntas, ofrecer consejos o proporcionar informaci\u00f3n a trav\u00e9s del sitio o de los canales de comunicaci\u00f3n asociados.<\/span><\/p><p><span style=\"font-weight: 400;\">12.2. Bella Storia se esfuerza por proporcionar informaci\u00f3n lo m\u00e1s exacta posible y por realizar las actualizaciones necesarias de la informaci\u00f3n publicada en el sitio, cuyo contenido se reserva el derecho de corregir en cualquier momento y sin previo aviso.<\/span><\/p><h4><span style=\"font-weight: 400;\">13. Contacto<\/span><\/h4><p><span style=\"font-weight: 400;\">13.1. Para cualquier pregunta o solicitud de informaci\u00f3n relativa al sitio, o cualquier denuncia de contenidos o actividades ilegales, el usuario puede ponerse en contacto con Bella Storia en la direcci\u00f3n indicada en el sitio.<\/span><\/p><h4><span style=\"font-weight: 400;\">14. Aceptaci\u00f3n del usuario<\/span><\/h4><p><span style=\"font-weight: 400;\">14.1. El uso del sitio implica la aceptaci\u00f3n plena y completa de las CGC anteriores. El usuario puede renunciar al uso de los servicios y del sitio Bella Storia en cualquier momento, pero sigue siendo responsable de cualquier uso anterior.<\/span><\/p>\t\t\t\t\t\t\t\t<\/div>\n\t\t\t\t<\/div>\n\t\t\t\t\t<\/div>\n\t\t\t\t<\/div>\n\t\t\t\t<\/div>","protected":false},"excerpt":{"rendered":"<p>Conditions G\u00e9n\u00e9rales d&rsquo;Utilisation (CGU) du site web de Bella Storia 1. Acceptation des Conditions G\u00e9n\u00e9rales d&rsquo;Utilisation 1.1. L&rsquo;utilisation du site web de Bella Storia implique l&rsquo;acceptation pleine et enti\u00e8re des pr\u00e9sentes Conditions G\u00e9n\u00e9rales d&rsquo;Utilisation (ci-apr\u00e8s d\u00e9nomm\u00e9es \u00ab CGU \u00bb). 1.2. Ces CGU sont susceptibles d&rsquo;\u00eatre modifi\u00e9es ou compl\u00e9t\u00e9es \u00e0 tout moment, les utilisateurs du site [&hellip;]<\/p>\n","protected":false},"author":1,"featured_media":0,"parent":0,"menu_order":0,"comment_status":"closed","ping_status":"closed","template":"","meta":{"footnotes":""},"class_list":["post-907","page","type-page","status-publish","hentry"],"blocksy_meta":[],"_links":{"self":[{"href":"https:\/\/conciergerie2a.com\/es\/wp-json\/wp\/v2\/pages\/907","targetHints":{"allow":["GET"]}}],"collection":[{"href":"https:\/\/conciergerie2a.com\/es\/wp-json\/wp\/v2\/pages"}],"about":[{"href":"https:\/\/conciergerie2a.com\/es\/wp-json\/wp\/v2\/types\/page"}],"author":[{"embeddable":true,"href":"https:\/\/conciergerie2a.com\/es\/wp-json\/wp\/v2\/users\/1"}],"replies":[{"embeddable":true,"href":"https:\/\/conciergerie2a.com\/es\/wp-json\/wp\/v2\/comments?post=907"}],"version-history":[{"count":0,"href":"https:\/\/conciergerie2a.com\/es\/wp-json\/wp\/v2\/pages\/907\/revisions"}],"wp:attachment":[{"href":"https:\/\/conciergerie2a.com\/es\/wp-json\/wp\/v2\/media?parent=907"}],"curies":[{"name":"wp","href":"https:\/\/api.w.org\/{rel}","templated":true}]}}