{"id":907,"date":"2023-11-18T23:40:59","date_gmt":"2023-11-18T22:40:59","guid":{"rendered":"https:\/\/conciergerie2a.com\/?page_id=907"},"modified":"2023-12-31T18:01:20","modified_gmt":"2023-12-31T17:01:20","slug":"cgu","status":"publish","type":"page","link":"https:\/\/conciergerie2a.com\/it\/cgu\/","title":{"rendered":"cgu"},"content":{"rendered":"<div data-elementor-type=\"wp-page\" data-elementor-id=\"907\" class=\"elementor elementor-907\" data-elementor-post-type=\"page\">\n\t\t\t\t<div class=\"elementor-element elementor-element-9d1fe88 e-flex e-con-boxed e-con e-parent\" data-id=\"9d1fe88\" data-element_type=\"container\" data-e-type=\"container\">\n\t\t\t\t\t<div class=\"e-con-inner\">\n\t\t\t\t<div class=\"elementor-element elementor-element-634bc14 elementor-widget elementor-widget-text-editor\" data-id=\"634bc14\" data-element_type=\"widget\" data-e-type=\"widget\" data-widget_type=\"text-editor.default\">\n\t\t\t\t<div class=\"elementor-widget-container\">\n\t\t\t\t\t\t\t\t\t<h3><b>Condizioni generali d'uso (CGU) del sito Bella Storia<\/b><\/h3><h4><span style=\"font-weight: 400;\">1. Accettazione delle Condizioni Generali di Utilizzo<\/span><\/h4><p><span style=\"font-weight: 400;\">1.1. L'utilizzo del sito Bella Storia implica la piena e completa accettazione delle presenti Condizioni Generali d'Uso (di seguito denominate \u00abCGU\u00bb).<\/span><\/p><p><span style=\"font-weight: 400;\">1.2 I presenti Termini e condizioni possono essere modificati o integrati in qualsiasi momento, pertanto si consiglia agli utenti del sito di consultarli regolarmente.<\/span><\/p><h4><span style=\"font-weight: 400;\">2. Accesso al Sito<\/span><\/h4><p><span style=\"font-weight: 400;\">2.1. L'accesso al sito \u00e8 possibile 24 ore su 24, 7 giorni su 7, salvo casi di forza maggiore o eventi al di fuori del controllo di Bella Storia e fatti salvi eventuali guasti e operazioni di manutenzione necessari per il corretto funzionamento del sito.<\/span><\/p><p><span style=\"font-weight: 400;\">2.2. Bella Storia non pu\u00f2 garantire la disponibilit\u00e0 del sito, l'affidabilit\u00e0 delle trasmissioni o le prestazioni in termini di tempo di risposta o qualit\u00e0.<\/span><\/p><h4><span style=\"font-weight: 400;\">3. Propriet\u00e0 intellettuale<\/span><\/h4><p><span style=\"font-weight: 400;\">3.1. Bella Storia \u00e8 titolare dei diritti di propriet\u00e0 intellettuale o detiene i diritti di utilizzo di tutti gli elementi accessibili sul sito, in particolare testi, immagini, grafici, loghi, icone, suoni e software.<\/span><\/p><p><span style=\"font-weight: 400;\">3.2. \u00c8 vietata la riproduzione, la rappresentazione, la modifica, la pubblicazione, l'adattamento di tutti o parte degli elementi del sito, qualunque sia il mezzo o il processo utilizzato, salvo previa autorizzazione scritta di Bella Storia.<\/span><\/p><h4><span style=\"font-weight: 400;\">4. Limitazioni di responsabilit\u00e0<\/span><\/h4><p><span style=\"font-weight: 400;\">4.1. Bella Storia non pu\u00f2 essere ritenuta responsabile per eventuali danni diretti o indiretti causati alle apparecchiature dell'utente durante l'accesso al sito web di Bella Storia.<\/span><\/p><p><span style=\"font-weight: 400;\">4.2. Bella Storia declina ogni responsabilit\u00e0 per l'uso che pu\u00f2 essere fatto delle informazioni e dei contenuti presenti sul sito.<\/span><\/p><h4><span style=\"font-weight: 400;\">5. Gestione dei dati personali<\/span><\/h4><p><span style=\"font-weight: 400;\">5.1. Durante l'utilizzo del sito, agli utenti pu\u00f2 essere richiesto di fornire alcuni dati personali. Il conferimento di tali informazioni \u00e8 necessario per la gestione delle richieste e la commercializzazione dei servizi.<\/span><\/p><p><span style=\"font-weight: 400;\">5.2. Bella Storia si impegna a mantenere la riservatezza delle informazioni fornite e a trattarle in conformit\u00e0 alla normativa vigente in materia di protezione dei dati personali.<\/span><\/p><h4><span style=\"font-weight: 400;\">6. Collegamenti ipertestuali e cookie<\/span><\/h4><p><span style=\"font-weight: 400;\">6.1. Il sito pu\u00f2 contenere collegamenti ipertestuali ad altri siti. Bella Storia non \u00e8 in grado di controllare il contenuto dei siti visitati in questo modo e di conseguenza non si assume alcuna responsabilit\u00e0 al riguardo.<\/span><\/p><p><span style=\"font-weight: 400;\">6.2. La navigazione sul sito pu\u00f2 causare l'installazione di cookie sul computer dell'utente. Un cookie \u00e8 un file di piccole dimensioni che non consente di identificare l'utente, ma che registra informazioni relative alla navigazione di un computer su un sito.<\/span><\/p><h4><span style=\"font-weight: 400;\">7. Legge applicabile e giurisdizione<\/span><\/h4><p><span style=\"font-weight: 400;\">7.1. Qualsiasi controversia relativa all'utilizzo del sito Bella Storia \u00e8 soggetta alla legge francese. La giurisdizione esclusiva \u00e8 garantita ai tribunali competenti della Francia.<\/span><\/p><p><span style=\"font-weight: 400;\">7.2. Le principali leggi interessate comprendono la legge n. 78-17 del 6 gennaio 1978, modificata in particolare dalla legge n. 2018-493 del 20 giugno 2018 sulla protezione dei dati personali.<\/span><\/p><h4><span style=\"font-weight: 400;\">8. Pubblicazioni dell'utente<\/span><\/h4><p><span style=\"font-weight: 400;\">8.1. Il sito consente ai membri di pubblicare commenti o altri contributi. In queste pubblicazioni, ogni membro rimane responsabile delle proprie parole.<\/span><\/p><p><span style=\"font-weight: 400;\">8.2. I contributi devono essere legali e rispettare i buoni costumi e l'ordine pubblico. Non devono essere offensivi, diffamatori, razzisti, omofobi, sessisti o violare la privacy altrui.<\/span><\/p><h4><span style=\"font-weight: 400;\">9. La sicurezza<\/span><\/h4><p><span style=\"font-weight: 400;\">9.1. Bella Storia si impegna ad attuare tutte le misure necessarie per garantire la sicurezza e la riservatezza dei dati. Tuttavia, non fornisce una garanzia di sicurezza totale.<\/span><\/p><p><span style=\"font-weight: 400;\">9.2. L'utente si impegna a rispettare gli standard di sicurezza, in particolare per quanto riguarda la gestione dei propri dati di accesso e delle proprie password.<\/span><\/p><h4><span style=\"font-weight: 400;\">10. Modifica della GCU<\/span><\/h4><p><span style=\"font-weight: 400;\">10.1. Bella Storia si riserva il diritto di modificare i termini, le condizioni e le menzioni delle presenti CGU in qualsiasi momento.<\/span><\/p><p><span style=\"font-weight: 400;\">10.2 Si consiglia pertanto agli utenti di consultare regolarmente l'ultima versione delle CGU disponibile sul sito.<\/span><\/p><h4><span style=\"font-weight: 400;\">11. Responsabilit\u00e0 e forza maggiore<\/span><\/h4><p><span style=\"font-weight: 400;\">11.1. Le fonti delle informazioni pubblicate sul sito Bella Storia sono ritenute affidabili. Tuttavia, il sito non garantisce che siano prive di difetti, errori o omissioni.<\/span><\/p><p><span style=\"font-weight: 400;\">11.2 In caso di impossibilit\u00e0 di accesso al sito per problemi tecnici o di altra natura, l'utente non potr\u00e0 richiedere alcun risarcimento o indennizzo.<\/span><\/p><h4><span style=\"font-weight: 400;\">12. Interazione con gli utenti<\/span><\/h4><p><span style=\"font-weight: 400;\">12.1. Bella Storia pu\u00f2 interagire con gli utenti per rispondere alle loro domande, offrire consigli o fornire informazioni tramite il sito o i canali di comunicazione associati.<\/span><\/p><p><span style=\"font-weight: 400;\">12.2. Bella Storia si impegna a fornire informazioni il pi\u00f9 possibile accurate e ad apportare i necessari aggiornamenti alle informazioni pubblicate sul sito, il cui contenuto si riserva di correggere in qualsiasi momento e senza preavviso.<\/span><\/p><h4><span style=\"font-weight: 400;\">13. Contatto<\/span><\/h4><p><span style=\"font-weight: 400;\">13.1. Per qualsiasi domanda o richiesta di informazioni relative al sito, o per qualsiasi segnalazione di contenuti o attivit\u00e0 illegali, l'utente pu\u00f2 contattare Bella Storia all'indirizzo indicato sul sito.<\/span><\/p><h4><span style=\"font-weight: 400;\">14. Accettazione da parte dell'Utente<\/span><\/h4><p><span style=\"font-weight: 400;\">14.1. L'utilizzo del sito implica la piena e completa accettazione delle CGU di cui sopra. L'utente pu\u00f2 rinunciare all'uso dei servizi e del sito di Bella Storia in qualsiasi momento, ma rimane responsabile per qualsiasi uso precedente.<\/span><\/p>\t\t\t\t\t\t\t\t<\/div>\n\t\t\t\t<\/div>\n\t\t\t\t\t<\/div>\n\t\t\t\t<\/div>\n\t\t\t\t<\/div>","protected":false},"excerpt":{"rendered":"<p>Conditions G\u00e9n\u00e9rales d&rsquo;Utilisation (CGU) du site web de Bella Storia 1. Acceptation des Conditions G\u00e9n\u00e9rales d&rsquo;Utilisation 1.1. L&rsquo;utilisation du site web de Bella Storia implique l&rsquo;acceptation pleine et enti\u00e8re des pr\u00e9sentes Conditions G\u00e9n\u00e9rales d&rsquo;Utilisation (ci-apr\u00e8s d\u00e9nomm\u00e9es \u00ab CGU \u00bb). 1.2. Ces CGU sont susceptibles d&rsquo;\u00eatre modifi\u00e9es ou compl\u00e9t\u00e9es \u00e0 tout moment, les utilisateurs du site [&hellip;]<\/p>\n","protected":false},"author":1,"featured_media":0,"parent":0,"menu_order":0,"comment_status":"closed","ping_status":"closed","template":"","meta":{"footnotes":""},"class_list":["post-907","page","type-page","status-publish","hentry"],"blocksy_meta":[],"_links":{"self":[{"href":"https:\/\/conciergerie2a.com\/it\/wp-json\/wp\/v2\/pages\/907","targetHints":{"allow":["GET"]}}],"collection":[{"href":"https:\/\/conciergerie2a.com\/it\/wp-json\/wp\/v2\/pages"}],"about":[{"href":"https:\/\/conciergerie2a.com\/it\/wp-json\/wp\/v2\/types\/page"}],"author":[{"embeddable":true,"href":"https:\/\/conciergerie2a.com\/it\/wp-json\/wp\/v2\/users\/1"}],"replies":[{"embeddable":true,"href":"https:\/\/conciergerie2a.com\/it\/wp-json\/wp\/v2\/comments?post=907"}],"version-history":[{"count":0,"href":"https:\/\/conciergerie2a.com\/it\/wp-json\/wp\/v2\/pages\/907\/revisions"}],"wp:attachment":[{"href":"https:\/\/conciergerie2a.com\/it\/wp-json\/wp\/v2\/media?parent=907"}],"curies":[{"name":"wp","href":"https:\/\/api.w.org\/{rel}","templated":true}]}}